{"id":329,"date":"2025-11-24T10:37:12","date_gmt":"2025-11-24T09:37:12","guid":{"rendered":"https:\/\/technologia-sklejki.pl\/?page_id=329"},"modified":"2025-11-28T10:37:49","modified_gmt":"2025-11-28T09:37:49","slug":"global-sklejka-100-buk","status":"publish","type":"page","link":"https:\/\/technologia-sklejki.pl\/?page_id=329","title":{"rendered":"GLOBAL sklejka 100% BUK"},"content":{"rendered":"\n<p>Ob\u0142ogi bukowe ci\u0119te obrotowo, zgodnie z norm\u0105 EN 635-2, grubo\u015b\u0107 lic\u00f3wki przed prasowaniem i szlifowaniem ok. 2,2 mm, szlifowane obustronnie &#8211; 7 warstw; tolerancja grubo\u015bci: 6%)<\/p>\n\n\n\n<p><strong>Dost\u0119pne wymiary:<\/strong> 9, 12, 15, 18, 21 &#8230;. 40 mm<\/p>\n\n\n\n<p><strong>Wymiary p\u0142yty:<\/strong> 2500 x 1500 mm<\/p>\n\n\n\n<p><strong>Powierzchnia:<\/strong> szlifowana obustronnie<\/p>\n\n\n\n<p><strong>G\u0119sto\u015b\u0107: <\/strong>ok. 750 kg\/m\u00b3<\/p>\n\n\n\n<p><strong>Wytrzyma\u0142o\u015b\u0107 na zginanie:<\/strong><\/p>\n\n\n\n<ul class=\"wp-block-list\">\n<li>wzd\u0142u\u017cne 75N\/nm^2<\/li>\n\n\n\n<li>poprzeczne 68N\/nm^2<\/li>\n<\/ul>\n\n\n\n<p><strong>Modu\u0142 elastyczno\u015bci:<\/strong><\/p>\n\n\n\n<ul class=\"wp-block-list\">\n<li>wzd\u0142u\u017cna 8300N\/nm^2<\/li>\n\n\n\n<li>poprzecznie 7100N\/nm^2<\/li>\n<\/ul>\n\n\n\n<p><strong>Emisja formaldehydu: 0,75 mg CH2O\/m^2<\/strong>   (spe\u0142nia: <strong>CARB Phase 2<\/strong> (California Air Resources Board) &nbsp;oraz <strong>EPA TSCA Title VI<\/strong> (USA), w kt\u00f3rych stosuje si\u0119 <strong>\u22640,80 mg\/m\u00b2\u00b7h<\/strong>.)<\/p>\n\n\n\n<p><strong>Wilgotno\u015b\u0107:<\/strong> maks. 8%<\/p>\n\n\n\n<p><strong>Gwarancja jako\u015bci:<\/strong>&nbsp;Kontrola jako\u015bci, klasyfikacja, tolerancje i dane techniczne zgodnie z norm\u0105 EN 315<\/p>\n\n\n\n<p><strong>Certyfikacja: <\/strong>FSC 100%<\/p>\n\n\n\n<p><strong>Pochodzenie:<\/strong> Unia Europejska: status niskiego ryzyka w ramach Rozporz\u0105dzenia UE w sprawie produkt\u00f3w wolnych od wylesiania <strong>(EUDR).<\/strong><\/p>\n\n\n\n<figure class=\"wp-block-image size-large\"><img loading=\"lazy\" decoding=\"async\" width=\"739\" height=\"1024\" src=\"https:\/\/technologia-sklejki.pl\/wp-content\/uploads\/2025\/11\/Global-739x1024.webp\" alt=\"\" class=\"wp-image-326\" srcset=\"https:\/\/technologia-sklejki.pl\/wp-content\/uploads\/2025\/11\/Global-739x1024.webp 739w, https:\/\/technologia-sklejki.pl\/wp-content\/uploads\/2025\/11\/Global-217x300.webp 217w, https:\/\/technologia-sklejki.pl\/wp-content\/uploads\/2025\/11\/Global-768x1064.webp 768w, https:\/\/technologia-sklejki.pl\/wp-content\/uploads\/2025\/11\/Global.webp 1108w\" sizes=\"auto, (max-width: 739px) 100vw, 739px\" \/><\/figure>\n","protected":false},"excerpt":{"rendered":"<p>Ob\u0142ogi bukowe ci\u0119te obrotowo, zgodnie z norm\u0105 EN 635-2, grubo\u015b\u0107 lic\u00f3wki przed prasowaniem i szlifowaniem ok. 2,2 mm, szlifowane obustronnie &#8211; 7 warstw; tolerancja grubo\u015bci: 6%) Dost\u0119pne wymiary: 9, 12, 15, 18, 21 &#8230;. 40 mm Wymiary p\u0142yty: 2500 x 1500 mm Powierzchnia: szlifowana obustronnie G\u0119sto\u015b\u0107: ok. 750 kg\/m\u00b3 Wytrzyma\u0142o\u015b\u0107 [&hellip;]<\/p>\n","protected":false},"author":1,"featured_media":0,"parent":0,"menu_order":0,"comment_status":"closed","ping_status":"closed","template":"","meta":{"_themeisle_gutenberg_block_has_review":false,"footnotes":""},"class_list":["post-329","page","type-page","status-publish","hentry"],"_links":{"self":[{"href":"https:\/\/technologia-sklejki.pl\/index.php?rest_route=\/wp\/v2\/pages\/329","targetHints":{"allow":["GET"]}}],"collection":[{"href":"https:\/\/technologia-sklejki.pl\/index.php?rest_route=\/wp\/v2\/pages"}],"about":[{"href":"https:\/\/technologia-sklejki.pl\/index.php?rest_route=\/wp\/v2\/types\/page"}],"author":[{"embeddable":true,"href":"https:\/\/technologia-sklejki.pl\/index.php?rest_route=\/wp\/v2\/users\/1"}],"replies":[{"embeddable":true,"href":"https:\/\/technologia-sklejki.pl\/index.php?rest_route=%2Fwp%2Fv2%2Fcomments&post=329"}],"version-history":[{"count":5,"href":"https:\/\/technologia-sklejki.pl\/index.php?rest_route=\/wp\/v2\/pages\/329\/revisions"}],"predecessor-version":[{"id":406,"href":"https:\/\/technologia-sklejki.pl\/index.php?rest_route=\/wp\/v2\/pages\/329\/revisions\/406"}],"wp:attachment":[{"href":"https:\/\/technologia-sklejki.pl\/index.php?rest_route=%2Fwp%2Fv2%2Fmedia&parent=329"}],"curies":[{"name":"wp","href":"https:\/\/api.w.org\/{rel}","templated":true}]}}