{"id":243,"date":"2025-11-20T17:23:21","date_gmt":"2025-11-20T16:23:21","guid":{"rendered":"https:\/\/technologia-sklejki.pl\/?page_id=243"},"modified":"2025-11-24T08:54:44","modified_gmt":"2025-11-24T07:54:44","slug":"kontakt-2","status":"publish","type":"page","link":"https:\/\/technologia-sklejki.pl\/?page_id=243","title":{"rendered":"KONTAKT:"},"content":{"rendered":"\n<div class=\"wp-block-columns is-layout-flex wp-container-core-columns-is-layout-28f84493 wp-block-columns-is-layout-flex\">\n<div class=\"wp-block-column is-layout-flow wp-block-column-is-layout-flow\">\n<h5 id=\"wp-block-themeisle-blocks-advanced-heading-8f8ecd5d\" class=\"wp-block-themeisle-blocks-advanced-heading wp-block-themeisle-blocks-advanced-heading-8f8ecd5d\"> <strong><span style=\"color: #e8b900;\" class=\"highlight\">SPRZEDA\u017b<\/span><\/strong><br><\/h5>\n\n\n\n<p><strong><span class=\"highlight\" style=\"color: #006813;\"><em>Rafa\u0142 Kuligowski<\/em><\/span><\/strong><br>+48 727 606 830<br><span style=\"text-decoration: underline;\">rafal@technologia-sklejki.pl<\/span><\/p>\n<\/div>\n\n\n\n<div class=\"wp-block-column is-layout-flow wp-block-column-is-layout-flow\">\n<h5 id=\"wp-block-themeisle-blocks-advanced-heading-d7fdd3cf\" class=\"wp-block-themeisle-blocks-advanced-heading wp-block-themeisle-blocks-advanced-heading-d7fdd3cf\"> <strong><span style=\"color: #e8b900;\" class=\"highlight\">ZAKUPY \/ EUDR<\/span><\/strong><br><\/h5>\n\n\n\n<p><strong><span class=\"highlight\" style=\"color: #006813;\"><em>Jacek Piernik<\/em><\/span><\/strong><br>+48 698 941 430<br><span style=\"text-decoration: underline;\">jacek@technologia-sklejki.pl<\/span><\/p>\n<\/div>\n<\/div>\n\n\n\n<!DOCTYPE html>\n<html lang=\"pl\">\n<head>\n<meta charset=\"UTF-8\">\n<meta name=\"viewport\" content=\"width=device-width, initial-scale=1.0\">\n<title>Mapa w ramce<\/title>\n<style>\n  .map-frame {\n    display: inline-block;       \/* dopasowanie do zawarto\u015bci *\/\n    border: 4px solid #006813;   \/* kolor ramki przycisku *\/\n    border-radius: 8px;          \/* opcjonalnie zaokr\u0105glone rogi *\/\n    overflow: hidden;            \/* \u017ceby iframe nie wychodzi\u0142 poza ramk\u0119 *\/\n  }\n\n  .map-frame iframe {\n    display: block;\n  }\n<\/style>\n<\/head>\n<body>\n\n<div class=\"map-frame\">\n  <iframe\n    width=\"600\"\n    height=\"350\"\n    style=\"border:0;\"\n    loading=\"lazy\"\n    allowfullscreen\n    referrerpolicy=\"no-referrer-when-downgrade\"\n    src=\"https:\/\/www.google.com\/maps?q=53.216202,18.972346&#038;hl=pl&#038;z=16&#038;output=embed\">\n  <\/iframe>\n<\/div>\n\n<\/body>\n<\/html>\n\n\n\n<p><\/p>\n","protected":false},"excerpt":{"rendered":"<p>Rafa\u0142 Kuligowski+48 727 606 830rafal@technologia-sklejki.pl Jacek Piernik+48 698 941 430jacek@technologia-sklejki.pl Mapa w ramce<\/p>\n","protected":false},"author":1,"featured_media":0,"parent":0,"menu_order":0,"comment_status":"closed","ping_status":"closed","template":"","meta":{"_themeisle_gutenberg_block_has_review":false,"footnotes":""},"class_list":["post-243","page","type-page","status-publish","hentry"],"_links":{"self":[{"href":"https:\/\/technologia-sklejki.pl\/index.php?rest_route=\/wp\/v2\/pages\/243","targetHints":{"allow":["GET"]}}],"collection":[{"href":"https:\/\/technologia-sklejki.pl\/index.php?rest_route=\/wp\/v2\/pages"}],"about":[{"href":"https:\/\/technologia-sklejki.pl\/index.php?rest_route=\/wp\/v2\/types\/page"}],"author":[{"embeddable":true,"href":"https:\/\/technologia-sklejki.pl\/index.php?rest_route=\/wp\/v2\/users\/1"}],"replies":[{"embeddable":true,"href":"https:\/\/technologia-sklejki.pl\/index.php?rest_route=%2Fwp%2Fv2%2Fcomments&post=243"}],"version-history":[{"count":31,"href":"https:\/\/technologia-sklejki.pl\/index.php?rest_route=\/wp\/v2\/pages\/243\/revisions"}],"predecessor-version":[{"id":303,"href":"https:\/\/technologia-sklejki.pl\/index.php?rest_route=\/wp\/v2\/pages\/243\/revisions\/303"}],"wp:attachment":[{"href":"https:\/\/technologia-sklejki.pl\/index.php?rest_route=%2Fwp%2Fv2%2Fmedia&parent=243"}],"curies":[{"name":"wp","href":"https:\/\/api.w.org\/{rel}","templated":true}]}}