{"id":2,"date":"2025-11-19T10:20:58","date_gmt":"2025-11-19T09:20:58","guid":{"rendered":"https:\/\/technologia-sklejki.pl\/?page_id=2"},"modified":"2025-11-24T09:17:01","modified_gmt":"2025-11-24T08:17:01","slug":"przykladowa-strona","status":"publish","type":"page","link":"https:\/\/technologia-sklejki.pl\/?page_id=2","title":{"rendered":"EUDR"},"content":{"rendered":"\n<p>Rozporz\u0105dzenie UE w sprawie produkt\u00f3w wolnych od wylesiania (EUDR) zosta\u0142o przyj\u0119te 31 maja 2023 r. i formalnie wesz\u0142o w \u017cycie 29 czerwca 2023 r. Jednak\u017ce pe\u0142ne obowi\u0105zki wynikaj\u0105ce z tego rozporz\u0105dzenia zosta\u0142y przesuni\u0119te o rok w stosunku do pierwotnych termin\u00f3w.<\/p>\n\n\n\n<p><strong>Kluczowe daty wdro\u017cenia EUDR:<\/strong><\/p>\n\n\n\n<ul class=\"wp-block-list\">\n<li><strong>29 czerwca 2023 r.<\/strong> \u2013 data wej\u015bcia w \u017cycie rozporz\u0105dzenia.<\/li>\n\n\n\n<li><strong>30 grudnia 2025 r.<\/strong> \u2013 rozpocz\u0119cie stosowania obowi\u0105zk\u00f3w <strong><em>dla du\u017cych i \u015brednich<\/em><\/strong> przedsi\u0119biorstw.<\/li>\n\n\n\n<li><strong>30 czerwca 2026 r.<\/strong> \u2013 rozpocz\u0119cie stosowania obowi\u0105zk\u00f3w dla <strong><em>mikro i ma\u0142ych<\/em><\/strong> przedsi\u0119biorstw (M\u015aP), kt\u00f3re zosta\u0142y ustanowione jako mikrojednostki lub ma\u0142e jednostki do 31 grudnia 2020 r.<\/li>\n<\/ul>\n\n\n\n<p><strong>Dlaczego warto mie\u0107 pe\u0142nomocnika \/ koordynatora<\/strong><\/p>\n\n\n\n<p>Mimo, i\u017c odpowiedzialno\u015b\u0107 prawna za prawdziwo\u015b\u0107 danych pozostaje jednak po stronie operatora lub tradera, posiadanie pe\u0142nomocnika lub koordynatora EUDR zapewnia sprawne zarz\u0105dzanie obowi\u0105zkami prawnymi i certyfikacyjnymi. U\u0142atwia rejestracj\u0119 w systemie EUDR, sk\u0142adanie o\u015bwiadcze\u0144 DDS oraz zbieranie i przechowywanie dokumentacji. Koordynator pomaga utrzyma\u0107 zgodno\u015b\u0107 z wymaganiami EUDR, minimalizuj\u0105c ryzyko b\u0142\u0119d\u00f3w formalnych. Dzi\u0119ki niemu firma mo\u017ce szybko reagowa\u0107 na kontrole i audyty, zachowuj\u0105c legalno\u015b\u0107 i reputacj\u0119 na rynku.<\/p>\n\n\n\n<figure class=\"wp-block-image size-full\"><img loading=\"lazy\" decoding=\"async\" width=\"672\" height=\"1009\" src=\"https:\/\/technologia-sklejki.pl\/wp-content\/uploads\/2025\/11\/image.png\" alt=\"\" class=\"wp-image-307\" srcset=\"https:\/\/technologia-sklejki.pl\/wp-content\/uploads\/2025\/11\/image.png 672w, https:\/\/technologia-sklejki.pl\/wp-content\/uploads\/2025\/11\/image-200x300.png 200w\" sizes=\"auto, (max-width: 672px) 100vw, 672px\" \/><\/figure>\n\n\n\n<p><strong><span style=\"text-decoration: underline;\">Co zmieni\u0142o si\u0119 po 21 pa\u017adziernika 2025 w EUDR:<\/span><\/strong><\/p>\n\n\n\n<ul class=\"wp-block-list\">\n<li>Komisja porzuca plan dalszego odroczenia \u2014 du\u017ce i \u015brednie firmy maj\u0105 obowi\u0105zki od <strong>30 grudnia 2025<\/strong>, ale dostaj\u0105 p\u00f3\u0142 roku karencji (do 30 czerwca 2026), w czasie kt\u00f3rego kontrola ma charakter edukacyjny, nie karaj\u0105cy. <\/li>\n\n\n\n<li>Mikro i ma\u0142e przedsi\u0119biorstwa dostaj\u0105 dodatkowe 6 miesi\u0119cy \u2014 nowe przepisy maj\u0105 ich obowi\u0105zywa\u0107 dopiero od <strong>30 grudnia 2026<\/strong>. <\/li>\n\n\n\n<li>Uproszczono obowi\u0105zki sprawozdawcze: tylko <strong>pierwszy podmiot wprowadzaj\u0105cy towar na rynek UE<\/strong> (operator) musi sk\u0142ada\u0107 o\u015bwiadczenie due diligence \u2014 pozosta\u0142e podmioty w \u0142a\u0144cuchu dostaw s\u0105 zwolnione z tej cz\u0119\u015bci raportowania. <\/li>\n\n\n\n<li>Wprowadzono uproszczone deklaracje dla mikro i ma\u0142ych producent\u00f3w (\u201cone-off simplified declaration\u201d).<\/li>\n<\/ul>\n\n\n\n<p><\/p>\n","protected":false},"excerpt":{"rendered":"<p>Rozporz\u0105dzenie UE w sprawie produkt\u00f3w wolnych od wylesiania (EUDR) zosta\u0142o przyj\u0119te 31 maja 2023 r. i formalnie wesz\u0142o w \u017cycie 29 czerwca 2023 r. Jednak\u017ce pe\u0142ne obowi\u0105zki wynikaj\u0105ce z tego rozporz\u0105dzenia zosta\u0142y przesuni\u0119te o rok w stosunku do pierwotnych termin\u00f3w. Kluczowe daty wdro\u017cenia EUDR: Dlaczego warto mie\u0107 pe\u0142nomocnika \/ koordynatora [&hellip;]<\/p>\n","protected":false},"author":1,"featured_media":0,"parent":0,"menu_order":0,"comment_status":"closed","ping_status":"open","template":"","meta":{"_themeisle_gutenberg_block_has_review":false,"footnotes":""},"class_list":["post-2","page","type-page","status-publish","hentry"],"_links":{"self":[{"href":"https:\/\/technologia-sklejki.pl\/index.php?rest_route=\/wp\/v2\/pages\/2","targetHints":{"allow":["GET"]}}],"collection":[{"href":"https:\/\/technologia-sklejki.pl\/index.php?rest_route=\/wp\/v2\/pages"}],"about":[{"href":"https:\/\/technologia-sklejki.pl\/index.php?rest_route=\/wp\/v2\/types\/page"}],"author":[{"embeddable":true,"href":"https:\/\/technologia-sklejki.pl\/index.php?rest_route=\/wp\/v2\/users\/1"}],"replies":[{"embeddable":true,"href":"https:\/\/technologia-sklejki.pl\/index.php?rest_route=%2Fwp%2Fv2%2Fcomments&post=2"}],"version-history":[{"count":2,"href":"https:\/\/technologia-sklejki.pl\/index.php?rest_route=\/wp\/v2\/pages\/2\/revisions"}],"predecessor-version":[{"id":309,"href":"https:\/\/technologia-sklejki.pl\/index.php?rest_route=\/wp\/v2\/pages\/2\/revisions\/309"}],"wp:attachment":[{"href":"https:\/\/technologia-sklejki.pl\/index.php?rest_route=%2Fwp%2Fv2%2Fmedia&parent=2"}],"curies":[{"name":"wp","href":"https:\/\/api.w.org\/{rel}","templated":true}]}}