{"id":121,"date":"2025-11-20T10:15:55","date_gmt":"2025-11-20T09:15:55","guid":{"rendered":"https:\/\/technologia-sklejki.pl\/?page_id=121"},"modified":"2025-11-24T09:38:08","modified_gmt":"2025-11-24T08:38:08","slug":"o-nas","status":"publish","type":"page","link":"https:\/\/technologia-sklejki.pl\/?page_id=121","title":{"rendered":"O nas"},"content":{"rendered":"\n<p><strong>TS sp. z o.o.<\/strong> jest wyspecjalizowan\u0105 sp\u00f3\u0142k\u0105 Grupy GTC, odpowiedzialn\u0105 za kompleksowe zaopatrzenie producent\u00f3w mebli i zak\u0142ad\u00f3w stolarskich w <strong>p\u0142yty oraz materia\u0142y drewnopochodne<\/strong>.<\/p>\n\n\n\n<p>Zapewniamy stabilne dostawy, szybk\u0105 realizacj\u0119 zam\u00f3wie\u0144 oraz elastyczne dopasowanie oferty do realnych potrzeb produkcji. Dzia\u0142amy nie tylko jako dostawca, ale jako <strong>partner w optymalizacji proces\u00f3w zakupowych i materia\u0142owych<\/strong>.<\/p>\n\n\n\n<p>Dzi\u0119ki funkcjonowaniu w strukturze Grupy GTC nasi klienci zyskuj\u0105 dost\u0119p do:<\/p>\n\n\n\n<ul class=\"wp-block-list\">\n<li>szerokiej oferty materia\u0142\u00f3w drewnopochodnych,<\/li>\n\n\n\n<li>sprawdzonej logistyki i dost\u0119pno\u015bci towar\u00f3w,<\/li>\n\n\n\n<li>wsparcia w zakresie certyfikacji FSC i regulacji EUDR,<\/li>\n\n\n\n<li>doradztwa w optymalizacji koszt\u00f3w i gospodarki odpadami.<\/li>\n<\/ul>\n\n\n\n<p>TS sp. z o.o. to <strong>bezpieczne \u017ar\u00f3d\u0142o materia\u0142\u00f3w<\/strong>, wiedza i do\u015bwiadczenie, kt\u00f3re wspieraj\u0105 rozw\u00f3j firm meblarskich.<\/p>\n\n\n\n<figure class=\"wp-block-gallery has-nested-images columns-default is-cropped wp-block-gallery-1 is-layout-flex wp-block-gallery-is-layout-flex\"><div class=\"wp-block-image\">\n<figure class=\"alignleft size-large\"><img loading=\"lazy\" decoding=\"async\" width=\"1024\" height=\"1024\" data-id=\"311\" src=\"https:\/\/technologia-sklejki.pl\/wp-content\/uploads\/2025\/11\/gtc-logo-transparent-1-1024x1024.png\" alt=\"\" class=\"wp-image-311\" srcset=\"https:\/\/technologia-sklejki.pl\/wp-content\/uploads\/2025\/11\/gtc-logo-transparent-1-1024x1024.png 1024w, https:\/\/technologia-sklejki.pl\/wp-content\/uploads\/2025\/11\/gtc-logo-transparent-1-300x300.png 300w, https:\/\/technologia-sklejki.pl\/wp-content\/uploads\/2025\/11\/gtc-logo-transparent-1-150x150.png 150w, https:\/\/technologia-sklejki.pl\/wp-content\/uploads\/2025\/11\/gtc-logo-transparent-1-768x768.png 768w, https:\/\/technologia-sklejki.pl\/wp-content\/uploads\/2025\/11\/gtc-logo-transparent-1.png 1500w\" sizes=\"auto, (max-width: 1024px) 100vw, 1024px\" \/><\/figure>\n<\/div><\/figure>\n\n\n\n<p><\/p>\n","protected":false},"excerpt":{"rendered":"<p>TS sp. z o.o. jest wyspecjalizowan\u0105 sp\u00f3\u0142k\u0105 Grupy GTC, odpowiedzialn\u0105 za kompleksowe zaopatrzenie producent\u00f3w mebli i zak\u0142ad\u00f3w stolarskich w p\u0142yty oraz materia\u0142y drewnopochodne. Zapewniamy stabilne dostawy, szybk\u0105 realizacj\u0119 zam\u00f3wie\u0144 oraz elastyczne dopasowanie oferty do realnych potrzeb produkcji. Dzia\u0142amy nie tylko jako dostawca, ale jako partner w optymalizacji proces\u00f3w zakupowych i [&hellip;]<\/p>\n","protected":false},"author":1,"featured_media":0,"parent":0,"menu_order":0,"comment_status":"closed","ping_status":"closed","template":"","meta":{"_themeisle_gutenberg_block_has_review":false,"footnotes":""},"class_list":["post-121","page","type-page","status-publish","hentry"],"_links":{"self":[{"href":"https:\/\/technologia-sklejki.pl\/index.php?rest_route=\/wp\/v2\/pages\/121","targetHints":{"allow":["GET"]}}],"collection":[{"href":"https:\/\/technologia-sklejki.pl\/index.php?rest_route=\/wp\/v2\/pages"}],"about":[{"href":"https:\/\/technologia-sklejki.pl\/index.php?rest_route=\/wp\/v2\/types\/page"}],"author":[{"embeddable":true,"href":"https:\/\/technologia-sklejki.pl\/index.php?rest_route=\/wp\/v2\/users\/1"}],"replies":[{"embeddable":true,"href":"https:\/\/technologia-sklejki.pl\/index.php?rest_route=%2Fwp%2Fv2%2Fcomments&post=121"}],"version-history":[{"count":3,"href":"https:\/\/technologia-sklejki.pl\/index.php?rest_route=\/wp\/v2\/pages\/121\/revisions"}],"predecessor-version":[{"id":316,"href":"https:\/\/technologia-sklejki.pl\/index.php?rest_route=\/wp\/v2\/pages\/121\/revisions\/316"}],"wp:attachment":[{"href":"https:\/\/technologia-sklejki.pl\/index.php?rest_route=%2Fwp%2Fv2%2Fmedia&parent=121"}],"curies":[{"name":"wp","href":"https:\/\/api.w.org\/{rel}","templated":true}]}}